{"id":16,"date":"2014-07-09T14:56:12","date_gmt":"2014-07-09T14:56:12","guid":{"rendered":"http:\/\/stadtsportverbandsoest.de\/?page_id=16"},"modified":"2022-06-16T10:13:00","modified_gmt":"2022-06-16T10:13:00","slug":"herzlich-willkommen","status":"publish","type":"page","link":"http:\/\/stadtsportverbandsoest.de\/","title":{"rendered":"Herzlich willkommen"},"content":{"rendered":"\n<p>Der Stadtsportverband Soest will mit seiner Internetpr\u00e4senz alle ihm angeschlossenen Sportvereine repr\u00e4sentieren. Dazu bedarf es nat\u00fcrlich der Mithilfe der Vereine, die Ansprechpartner angeben m\u00fcssen, auch der einzelnen Abteilungen. Dabei ist aus rechtlichen Gr\u00fcnden eine schriftliche Einverst\u00e4ndniserkl\u00e4rung der betreffenden Sportlerinnen und Sportler n\u00f6tig.<img decoding=\"async\" title=\"Weiterlesen \u2026\" src=\"http:\/\/localhost:8080\/wordpress\/wp-includes\/js\/tinymce\/plugins\/wordpress\/img\/trans.gif\" alt=\"\"><\/p>\n<p>Auf der Seite <a title=\"Der Vorstand\" href=\"http:\/\/stadtsportverbandsoest.de\/?page_id=18\">\u201cVorstand\u201d<\/a> sind alle Vorstandsmitglieder des Stadtsportverbandes kurz vorgestellt, zu erreichen sind sie \u00fcber die Email-Adresse des Stadtsportverbandes (Kontakt).<\/p>\n<p>Auf der Seite <a title=\"Sportabzeichen\" href=\"http:\/\/stadtsportverbandsoest.de\/?page_id=20\">\u201cSportabzeichen\u201d<\/a> gibt es Hinweise zum Erwerb des Deutschen Sportabzeichens. Dort sind auch Informationen zu finden \u00fcber das MiniSportAbzeichen, das der Stadtsportverband bereits seit 2006 anbietet.<\/p>\n<p>Auf der Seite <a title=\"Veranstaltungen\" href=\"http:\/\/stadtsportverbandsoest.de\/?page_id=24\">\u201cVeranstaltungen\u201d<\/a> sind die Termine der Stadtmeisterschaften sowie deren Modalit\u00e4ten aufgelistet.<\/p>\n<p>Unter <a href=\"http:\/\/www.stadtsportverband-soest.de\/Links\/links.html\">\u201cLinks\u201d<\/a> sind weitere Ansprechpartner &#8211; so zum Beispiel der LandesSportbund &#8211; zu finden.<\/p>\n<p>Auf der Seite <a title=\"Vereine\" href=\"http:\/\/stadtsportverbandsoest.de\/?page_id=26\">\u201cMitgliedsvereine\u201d<\/a> sind alle dem Stadtsportverband angeschlossenen Vereine aufgef\u00fchrt. Hier k\u00f6nnen auf Wunsch nat\u00fcrlich auch Verweise auf Homepages von Mitgliedsvereinen gesetzt werden. Einige Vereine haben dort schon Ansprechpartner genannt, zum Teil auch mit einer E-Mail-Adresse. Hier haben nicht zuletzt die Soester B\u00fcrger die M\u00f6glichkeit, Kontakt zu einem Verein ihrer Wahl aufzunehmen. Daher ist die Liste nach Sportarten sortiert.<\/p>\n<p>Neu an dieser Stelle ist ein Hinweis auf die <a href=\"http:\/\/www.soest.de\/bildung_kultur_sport\/sport\/117040100000008047.php\">Sportf\u00f6rderung<\/a> durch die Stadt Soest. Das Antragsformular f\u00fcr Investitionskostenzusch\u00fcsse ist \u00fcber <a href=\"http:\/\/www.soest.de\/media\/Antrag_Investitionskostenzuschuss.pdf\">diesen Link<\/a> auf der Homepage der Stadt Soest zu finden.<\/p>\n<p>F\u00fcr weitere Anregungen ist der Stadtsportverband jederzeit offen.<\/p>\n<p><b><i>Haftungshinweis:<\/i><\/b><i> Trotz sorgf\u00e4ltiger inhaltlicher Kontrolle \u00fcbernehmen wir keine Haftung f\u00fcr die Inhalte externer Links. F\u00fcr den Inhalt der verlinkten Seiten sind ausschlie\u00dflich deren Betreiber verantwortlich.<\/i><\/p>\n","protected":false},"excerpt":{"rendered":"<p>Der Stadtsportverband Soest will mit seiner Internetpr\u00e4senz alle ihm angeschlossenen Sportvereine repr\u00e4sentieren. Dazu bedarf es nat\u00fcrlich der Mithilfe der Vereine, die Ansprechpartner angeben m\u00fcssen, auch der einzelnen Abteilungen. Dabei ist aus rechtlichen Gr\u00fcnden eine schriftliche Einverst\u00e4ndniserkl\u00e4rung der betreffenden Sportlerinnen und Sportler n\u00f6tig. Auf der Seite \u201cVorstand\u201d sind alle Vorstandsmitglieder des Stadtsportverbandes kurz vorgestellt, zu erreichen [&hellip;]<\/p>\n","protected":false},"author":1,"featured_media":0,"parent":0,"menu_order":0,"comment_status":"closed","ping_status":"open","template":"","meta":{"footnotes":""},"class_list":["post-16","page","type-page","status-publish","hentry"],"_links":{"self":[{"href":"http:\/\/stadtsportverbandsoest.de\/index.php?rest_route=\/wp\/v2\/pages\/16","targetHints":{"allow":["GET"]}}],"collection":[{"href":"http:\/\/stadtsportverbandsoest.de\/index.php?rest_route=\/wp\/v2\/pages"}],"about":[{"href":"http:\/\/stadtsportverbandsoest.de\/index.php?rest_route=\/wp\/v2\/types\/page"}],"author":[{"embeddable":true,"href":"http:\/\/stadtsportverbandsoest.de\/index.php?rest_route=\/wp\/v2\/users\/1"}],"replies":[{"embeddable":true,"href":"http:\/\/stadtsportverbandsoest.de\/index.php?rest_route=%2Fwp%2Fv2%2Fcomments&post=16"}],"version-history":[{"count":4,"href":"http:\/\/stadtsportverbandsoest.de\/index.php?rest_route=\/wp\/v2\/pages\/16\/revisions"}],"predecessor-version":[{"id":489,"href":"http:\/\/stadtsportverbandsoest.de\/index.php?rest_route=\/wp\/v2\/pages\/16\/revisions\/489"}],"wp:attachment":[{"href":"http:\/\/stadtsportverbandsoest.de\/index.php?rest_route=%2Fwp%2Fv2%2Fmedia&parent=16"}],"curies":[{"name":"wp","href":"https:\/\/api.w.org\/{rel}","templated":true}]}}