{"id":20,"date":"2014-07-09T14:56:39","date_gmt":"2014-07-09T14:56:39","guid":{"rendered":"http:\/\/stadtsportverbandsoest.de\/?page_id=20"},"modified":"2022-05-24T10:51:08","modified_gmt":"2022-05-24T10:51:08","slug":"sportabzeichen","status":"publish","type":"page","link":"http:\/\/stadtsportverbandsoest.de\/?page_id=20","title":{"rendered":"Sportabzeichen"},"content":{"rendered":"\r\n\r\n\n<table id=\"tablepress-2\" class=\"tablepress tablepress-id-2\">\n<thead>\n<tr class=\"row-1\">\n\t<th class=\"column-1\"><a href=\"http:\/\/stadtsportverbandsoest.de\/wp-content\/uploads\/2014\/07\/DSC_0084.jpg\"><img src=\"http:\/\/stadtsportverbandsoest.de\/wp-content\/uploads\/2014\/07\/DSC_0084.jpg\" alt=\"Volker Wilmes, Sportabzeichenobmann\" width=\"100\" height=\"157\" class=\"alignnone size-full wp-image-81\" \/><\/a><\/th><th class=\"column-2\">Volker Wilmes, Sportabzeichenobmann<\/th>\n<\/tr>\n<\/thead>\n<tbody class=\"row-striping row-hover\">\n<\/tbody>\n<\/table>\n<!-- #tablepress-2 from cache -->\n<p>MiniSportAbzeichen beim Stadtsportverband Soest<\/p>\n<p>Der Stadtsportverband Soest bietet ein MiniSportabzeichen f\u00fcr Kindergartenkinder an.<\/p>\n<p>Zahlreiche Untersuchungen der Universit\u00e4ten Paderborn, Bielefeld und Bochum sowie der Sporthochschule K\u00f6ln und der Gesundheits\u00e4mter haben gezeigt, dass die Anzahl der adip\u00f6sen Kinder von Jahr zu Jahr steigt. Mittlerweile zeigt fast jedes zweite Kind in Deutschland M\u00e4ngel in der Motorik und\/oder leidet an \u00dcbergewicht.<\/p>\n<p>Das MiniSportabzeichen soll dabei helfen, die Kinder in Kindertagesst\u00e4tten behutsam, das hei\u00dft spielerisch und kindgem\u00e4\u00df, an den Sport heranzuf\u00fchren, die Motorik zu verbessern und \u00dcbergewicht zu verhindern.<\/p>\n<p>Das MiniSportAbzeichen ist unabh\u00e4ngig vom Geschlecht und kann im Alter zwischen drei und sieben Jahren angeboten werden. Es soll kein leistungsorientiertes Abnahmeverfahren wie beim normalen Sportabzeichen erfolgen. Der Spa\u00df an der Bewegungsvielfalt soll im Vordergrund stehen. Eine w\u00fcrdige Ehrung zum Abschluss geh\u00f6rt unabdingbar dazu. Nicht das Messen der Leistung untereinander, sondern das kindgem\u00e4\u00dfe Heranf\u00fchren an sportliche Bewegungsabl\u00e4ufe steht im Vordergrund des MiniSportAbzeichens.<\/p>\n<p>Disziplinen:<\/p>\n<p>1. Hopserlauf oder Balancieren<br \/>2. Springen in die Weite oder in die H\u00f6he<br \/>3. Schnelles Laufen<br \/>4. Weites oder hohes Werfen<br \/>5. Ausdauerndes Laufen<\/p>\n<p>F\u00fcr weitere Ausk\u00fcnfte steht der Stadtsportverband Soest unter seiner E-Mail-Adresse (Button \u201cKontakt\u201d) zur Verf\u00fcgung, Informationen und Anmeldungen sind auch direkt m\u00f6glich bei Gesch\u00e4ftsf\u00fchrerin Sofia Scholle, Wilhelm-Morgner-Weg 4, Tel. 02921\/61203.<\/p>\n<p><br \/><img decoding=\"async\" src=\"http:\/\/stadtsportverbandsoest.de\/wp-content\/uploads\/2022\/05\/Kindersportabzeichen2022-scaled-e1653389021948.jpg\" \/><br \/>Nach zwei Jahre Coronapause freuten sich 42 Kinder vom Familienzentrum Sonnenborg, endlich wieder ihr Sportabzeichen machen zu d\u00fcrfen. Die Freude war den Kleinen anzusehen. Es wurde gelaufen, gesprungen, geworfen und balanciert. Alle schafften die Vorgaben und wurden mit einer Urkunde und Medaille geehrt.<\/p>\n<p>\u00a0<\/p>\n<p><a href=\"http:\/\/stadtsportverbandsoest.de\/wp-content\/uploads\/2019\/09\/webkleinKiTaSonnenschein.jpg\"><img loading=\"lazy\" decoding=\"async\" class=\"alignnone wp-image-385 size-full\" src=\"http:\/\/stadtsportverbandsoest.de\/wp-content\/uploads\/2019\/09\/webkleinKiTaSonnenschein.jpg\" alt=\"\" width=\"555\" height=\"300\" srcset=\"http:\/\/stadtsportverbandsoest.de\/wp-content\/uploads\/2019\/09\/webkleinKiTaSonnenschein.jpg 555w, http:\/\/stadtsportverbandsoest.de\/wp-content\/uploads\/2019\/09\/webkleinKiTaSonnenschein-300x162.jpg 300w\" sizes=\"auto, (max-width: 555px) 100vw, 555px\" \/><\/a><br \/>Die KiTa (Kindertagesst\u00e4tte) Sonnenschein hat mit 68 Kindern das Kindersportabzeichen abgelegt.<\/p>\n<p><a href=\"http:\/\/stadtsportverbandsoest.de\/wp-content\/uploads\/2019\/09\/webkleinSonnenborg.jpg\"><img loading=\"lazy\" decoding=\"async\" class=\"alignnone size-full wp-image-387\" src=\"http:\/\/stadtsportverbandsoest.de\/wp-content\/uploads\/2019\/09\/webkleinSonnenborg.jpg\" alt=\"\" width=\"555\" height=\"377\" srcset=\"http:\/\/stadtsportverbandsoest.de\/wp-content\/uploads\/2019\/09\/webkleinSonnenborg.jpg 555w, http:\/\/stadtsportverbandsoest.de\/wp-content\/uploads\/2019\/09\/webkleinSonnenborg-300x204.jpg 300w\" sizes=\"auto, (max-width: 555px) 100vw, 555px\" \/><\/a><br \/>Das Familienzentrum Sonnenborg war mit 46 Kindern beim Kindersportabzeichen erfolgreich dabei.<\/p>\n<p><a href=\"http:\/\/stadtsportverbandsoest.de\/wp-content\/uploads\/2019\/09\/webkleinMullewapp.jpg\"><img loading=\"lazy\" decoding=\"async\" class=\"alignnone size-full wp-image-386\" src=\"http:\/\/stadtsportverbandsoest.de\/wp-content\/uploads\/2019\/09\/webkleinMullewapp.jpg\" alt=\"\" width=\"555\" height=\"228\" srcset=\"http:\/\/stadtsportverbandsoest.de\/wp-content\/uploads\/2019\/09\/webkleinMullewapp.jpg 555w, http:\/\/stadtsportverbandsoest.de\/wp-content\/uploads\/2019\/09\/webkleinMullewapp-300x123.jpg 300w\" sizes=\"auto, (max-width: 555px) 100vw, 555px\" \/><\/a><br \/>Der KiGa (Kindergarten) Mullewapp mit 54 Kindern hatte viel Spa\u00df beim Kindersportabzeichen.<\/p>\n<p>Der KiGa Gotlandweg war mit 33 Kindern aktiv, das Familienzentrum Thalita Kumi mit 100 Kindern. Alle Kinder haben die geforderten Disziplinen erf\u00fcllt.<\/p>","protected":false},"excerpt":{"rendered":"<p>MiniSportAbzeichen beim Stadtsportverband Soest Der Stadtsportverband Soest bietet ein MiniSportabzeichen f\u00fcr Kindergartenkinder an. Zahlreiche Untersuchungen der Universit\u00e4ten Paderborn, Bielefeld und Bochum sowie der Sporthochschule K\u00f6ln und der Gesundheits\u00e4mter haben gezeigt, dass die Anzahl der adip\u00f6sen Kinder von Jahr zu Jahr steigt. Mittlerweile zeigt fast jedes zweite Kind in Deutschland M\u00e4ngel in der Motorik und\/oder leidet [&hellip;]<\/p>\n","protected":false},"author":1,"featured_media":0,"parent":0,"menu_order":0,"comment_status":"closed","ping_status":"open","template":"","meta":{"footnotes":""},"class_list":["post-20","page","type-page","status-publish","hentry"],"_links":{"self":[{"href":"http:\/\/stadtsportverbandsoest.de\/index.php?rest_route=\/wp\/v2\/pages\/20","targetHints":{"allow":["GET"]}}],"collection":[{"href":"http:\/\/stadtsportverbandsoest.de\/index.php?rest_route=\/wp\/v2\/pages"}],"about":[{"href":"http:\/\/stadtsportverbandsoest.de\/index.php?rest_route=\/wp\/v2\/types\/page"}],"author":[{"embeddable":true,"href":"http:\/\/stadtsportverbandsoest.de\/index.php?rest_route=\/wp\/v2\/users\/1"}],"replies":[{"embeddable":true,"href":"http:\/\/stadtsportverbandsoest.de\/index.php?rest_route=%2Fwp%2Fv2%2Fcomments&post=20"}],"version-history":[{"count":36,"href":"http:\/\/stadtsportverbandsoest.de\/index.php?rest_route=\/wp\/v2\/pages\/20\/revisions"}],"predecessor-version":[{"id":476,"href":"http:\/\/stadtsportverbandsoest.de\/index.php?rest_route=\/wp\/v2\/pages\/20\/revisions\/476"}],"wp:attachment":[{"href":"http:\/\/stadtsportverbandsoest.de\/index.php?rest_route=%2Fwp%2Fv2%2Fmedia&parent=20"}],"curies":[{"name":"wp","href":"https:\/\/api.w.org\/{rel}","templated":true}]}}