{"id":24,"date":"2014-07-09T14:57:18","date_gmt":"2014-07-09T14:57:18","guid":{"rendered":"http:\/\/stadtsportverbandsoest.de\/?page_id=24"},"modified":"2018-07-18T14:24:31","modified_gmt":"2018-07-18T14:24:31","slug":"veranstaltungen","status":"publish","type":"page","link":"http:\/\/stadtsportverbandsoest.de\/?page_id=24","title":{"rendered":"Veranstaltungen"},"content":{"rendered":"\n<p>Die ausrichtenden Sportvereine werden gebeten, ihre Termine \u00fcber das <a title=\"Impressum\" href=\"http:\/\/stadtsportverbandsoest.de\/?page_id=115\">Kontaktformular<\/a> an den Stadtsportverband zu \u00fcbermitteln, damit die Termine an dieser Stelle ver\u00f6ffentlicht werden k\u00f6nnen.<\/p>\n<p><strong>LEICHTATHLETIK<\/strong><\/p>\n<p>SOEST Die Soester Leichtathletikvereine machen bei der Stadtmeisterschaft auch in diesem Jahr gemeinsame Sache. Der LC Soester B\u00f6rde, das LAZ Soest und der TuS Ampen teilen sich die Organisation der Titelk\u00e4mpfe am Samstag, 5. Mai.<br \/>\nBei der Frage, wer die besten Leichtathleten der Stadt sind, treten die Athleten im klassischen Dreikampf aus Sprint, Weitsprung und Ballwurf beziehungsweise Kugelsto\u00dfen gegeneinander an. Ab der Altersklasse U14 z\u00e4hlt auch der Vierkampf mit dem Hochsprung als zus\u00e4tzlicher Disziplin zum Wettkampfangebot. Als Einlagewettbewerbe stehen au\u00dferdem f\u00fcr alle Altersklassen 800-Meter-Lauf und ab der Altersklasse U20 erstmals auch ein 5.000-Meter-Rennen an.<\/p>\n<p>Teilnehmen d\u00fcrfen alle Sportler ab der Altersklasse U8, die entweder in Soest wohnen, eine Soester Schule besuchen oder f\u00fcr einen Soester Verein starten. Der erste Startschuss auf dem Sportplatz am Schulzentrum f\u00e4llt um 10 Uhr, der 800-Meter-Lauf steht f\u00fcr 13.30 Uhr auf dem Zeitplan, eine halbe Stunde sp\u00e4ter soll das 5.000-Meter-Rennen beginnen.<\/p>\n<p>Meldungen sind noch bis zum 3. Mai per Mail unter der Adresse meldung@lazsoest.de m\u00f6glich. Sch\u00fcler und Jugendliche zahlen drei Euro, Erwachsene f\u00fcnf Euro. mo<\/p>\n<p>&nbsp;<\/p>\n","protected":false},"excerpt":{"rendered":"<p>Die ausrichtenden Sportvereine werden gebeten, ihre Termine \u00fcber das Kontaktformular an den Stadtsportverband zu \u00fcbermitteln, damit die Termine an dieser Stelle ver\u00f6ffentlicht werden k\u00f6nnen. LEICHTATHLETIK SOEST Die Soester Leichtathletikvereine machen bei der Stadtmeisterschaft auch in diesem Jahr gemeinsame Sache. Der LC Soester B\u00f6rde, das LAZ Soest und der TuS Ampen teilen sich die Organisation der [&hellip;]<\/p>\n","protected":false},"author":1,"featured_media":0,"parent":0,"menu_order":0,"comment_status":"closed","ping_status":"open","template":"","meta":{"footnotes":""},"class_list":["post-24","page","type-page","status-publish","hentry"],"_links":{"self":[{"href":"http:\/\/stadtsportverbandsoest.de\/index.php?rest_route=\/wp\/v2\/pages\/24","targetHints":{"allow":["GET"]}}],"collection":[{"href":"http:\/\/stadtsportverbandsoest.de\/index.php?rest_route=\/wp\/v2\/pages"}],"about":[{"href":"http:\/\/stadtsportverbandsoest.de\/index.php?rest_route=\/wp\/v2\/types\/page"}],"author":[{"embeddable":true,"href":"http:\/\/stadtsportverbandsoest.de\/index.php?rest_route=\/wp\/v2\/users\/1"}],"replies":[{"embeddable":true,"href":"http:\/\/stadtsportverbandsoest.de\/index.php?rest_route=%2Fwp%2Fv2%2Fcomments&post=24"}],"version-history":[{"count":18,"href":"http:\/\/stadtsportverbandsoest.de\/index.php?rest_route=\/wp\/v2\/pages\/24\/revisions"}],"predecessor-version":[{"id":345,"href":"http:\/\/stadtsportverbandsoest.de\/index.php?rest_route=\/wp\/v2\/pages\/24\/revisions\/345"}],"wp:attachment":[{"href":"http:\/\/stadtsportverbandsoest.de\/index.php?rest_route=%2Fwp%2Fv2%2Fmedia&parent=24"}],"curies":[{"name":"wp","href":"https:\/\/api.w.org\/{rel}","templated":true}]}}