{"id":338,"date":"2018-07-18T08:00:44","date_gmt":"2018-07-18T08:00:44","guid":{"rendered":"http:\/\/stadtsportverbandsoest.de\/?page_id=338"},"modified":"2018-07-18T14:20:47","modified_gmt":"2018-07-18T14:20:47","slug":"datenschutzerklaerung","status":"publish","type":"page","link":"http:\/\/stadtsportverbandsoest.de\/?page_id=338","title":{"rendered":"Datenschutzerkl\u00e4rung"},"content":{"rendered":"\n<p>Diese Datenschutzerkl\u00e4rung soll die Nutzer dieser Website \u00fcber die Art, den Umfang und den Zweck der Erhebung und Verwendung personenbezogener Daten durch den Websitebetreiber\u00a0 informieren.<\/p>\n<p>Der Websitebetreiber nimmt Ihren Datenschutz sehr ernst, behandelt Ihre personenbezogenen Daten vertraulich und entsprechend der gesetzlichen Vorschriften. Da durch neue Technologien und die st\u00e4ndige Weiterentwicklung dieser Webseite \u00c4nderungen an dieser Datenschutzerkl\u00e4rung vorgenommen werden k\u00f6nnen, empfehlen wir Ihnen sich die Datenschutzerkl\u00e4rung in regelm\u00e4\u00dfigen Abst\u00e4nden wieder durchzulesen.<\/p>\n<p>Definitionen der verwendeten Begriffe (z.B. \u201cpersonenbezogene Daten\u201d oder \u201cVerarbeitung\u201d) finden Sie in Art. 4 DSGVO.<br \/>\nUm Ihren Besuch so benutzerfreundlich wie m\u00f6glich zu gestalten und s\u00e4mtliche verf\u00fcgbaren Funktionen anbieten zu k\u00f6nnen, erheben wir eine Reihe von\u00a0Daten und Informationen des Ger\u00e4ts, mit dem Sie unsere Website aufgerufen haben. Dabei handelt es sich um folgende Daten:\u00a0IP-Adresse,\u00a0Betriebssystem,\u00a0Browsertyp und -version,\u00a0Datum und Uhrzeit des Zugriffs<\/p>\n<p>Eine Auswertung dieser Daten zu Marketingzwecken findet dabei nicht statt.<\/p>\n<p>Insofern wir f\u00fcr die Verarbeitung der personenbezogenen Daten eine\u00a0Einwilligung\u00a0der betroffenen Person eingeholt haben, gilt Artikel 6 Absatz 1 Unterabsatz 1a des DSGVO als rechtliche Grundlage.<br \/>\nIst die Verarbeitung personenbezogener Daten f\u00fcr die\u00a0Erf\u00fcllung eines Vertrags\u00a0mit der betroffenen Person oder f\u00fcr\u00a0vorvertragliche Ma\u00dfnahmen\u00a0erforderlich, die durch die betroffene Person veranlasst wurden, dient Artikel 6 Absatz 1 Unterabsatz 1b (DSGVO) als Rechtsgrundlage.<br \/>\nIst die Datenverarbeitung das Resultat einer\u00a0rechtlichen Verpflichtung, der wir unterliegen, berufen wir uns auf Artikel 6 Absatz 1 Unterabsatz 1c des DSGVO als rechtliche Basis.<br \/>\nErfolgt die Verarbeitung personenbezogener Daten, um\u00a0lebenswichtige Interessen\u00a0der betroffenen Person oder einer anderen nat\u00fcrlichen Person zu sch\u00fctzen, dient Artikel 6 Absatz 1 Unterabsatz 1d (DSGVO) als Rechtsgrundlage.<br \/>\nDient die Datenverarbeitung einer Aufgabe, die im\u00a0\u00f6ffentlichen Interesse\u00a0liegt oder in\u00a0Aus\u00fcbung \u00f6ffentlicher Gewalt\u00a0erfolgt, berufen wir uns auf Artikel 6 Absatz 1 Unterabsatz 1e des DSGVO.<br \/>\nInsofern die Verarbeitung personenbezogener Daten erforderlich ist, um\u00a0berechtigte Interessen des Verantwortlichen\u00a0oder\u00a0eines Dritten\u00a0zu wahren \u2013 ohne dabei die Interessen, Grundrechte oder Grundfreiheiten der betroffenen Person zu gef\u00e4hrden \u2013, gilt Artikel 6 Absatz 1 Unterabsatz 1f (DSGVO) als Rechtsgrundlage.<\/p>\n<p>Alle personenbezogenen Daten, die wir w\u00e4hrend Ihres Besuchs durch den Einsatz von\u00a0Sitzungs-Cookies gesammelt haben, werden automatisch gel\u00f6scht, sobald der Zweck f\u00fcr ihre Erhebung erf\u00fcllt ist. Die Sitzungsdaten werden demnach so lange gespeichert,\u00a0bis Sie Ihre Sitzung beenden\u00a0(durch das Verlassen bzw. Schlie\u00dfen der Website).<\/p>\n","protected":false},"excerpt":{"rendered":"<p>Diese Datenschutzerkl\u00e4rung soll die Nutzer dieser Website \u00fcber die Art, den Umfang und den Zweck der Erhebung und Verwendung personenbezogener Daten durch den Websitebetreiber\u00a0 informieren. Der Websitebetreiber nimmt Ihren Datenschutz sehr ernst, behandelt Ihre personenbezogenen Daten vertraulich und entsprechend der gesetzlichen Vorschriften. Da durch neue Technologien und die st\u00e4ndige Weiterentwicklung dieser Webseite \u00c4nderungen an dieser [&hellip;]<\/p>\n","protected":false},"author":1,"featured_media":0,"parent":0,"menu_order":0,"comment_status":"closed","ping_status":"closed","template":"","meta":{"footnotes":""},"class_list":["post-338","page","type-page","status-publish","hentry"],"_links":{"self":[{"href":"http:\/\/stadtsportverbandsoest.de\/index.php?rest_route=\/wp\/v2\/pages\/338","targetHints":{"allow":["GET"]}}],"collection":[{"href":"http:\/\/stadtsportverbandsoest.de\/index.php?rest_route=\/wp\/v2\/pages"}],"about":[{"href":"http:\/\/stadtsportverbandsoest.de\/index.php?rest_route=\/wp\/v2\/types\/page"}],"author":[{"embeddable":true,"href":"http:\/\/stadtsportverbandsoest.de\/index.php?rest_route=\/wp\/v2\/users\/1"}],"replies":[{"embeddable":true,"href":"http:\/\/stadtsportverbandsoest.de\/index.php?rest_route=%2Fwp%2Fv2%2Fcomments&post=338"}],"version-history":[{"count":3,"href":"http:\/\/stadtsportverbandsoest.de\/index.php?rest_route=\/wp\/v2\/pages\/338\/revisions"}],"predecessor-version":[{"id":343,"href":"http:\/\/stadtsportverbandsoest.de\/index.php?rest_route=\/wp\/v2\/pages\/338\/revisions\/343"}],"wp:attachment":[{"href":"http:\/\/stadtsportverbandsoest.de\/index.php?rest_route=%2Fwp%2Fv2%2Fmedia&parent=338"}],"curies":[{"name":"wp","href":"https:\/\/api.w.org\/{rel}","templated":true}]}}